{"id":8012,"date":"2024-06-30T07:34:10","date_gmt":"2024-06-30T07:34:10","guid":{"rendered":"https:\/\/teaeye.pl\/?post_type=product&#038;p=8012"},"modified":"2026-03-03T14:46:36","modified_gmt":"2026-03-03T14:46:36","slug":"oolong-shui-xian","status":"publish","type":"product","link":"https:\/\/teaeye.pl\/uk\/product\/oolong-shui-xian\/","title":{"rendered":"\u0428\u0443\u0439 \u0421\u044f\u043d\u044c"},"content":{"rendered":"<h1>\u0428\u0443\u0439 \u0421\u044f\u043d\u044c \u2014 \u043a\u043b\u0430\u0441\u0438\u0447\u043d\u0438\u0439 \u0443\u043b\u0443\u043d \u0437 \u0423\u0457 \u0437 \u0444\u0440\u0443\u043a\u0442\u043e\u0432\u0438\u043c \u0456 \u043c\u0456\u043d\u0435\u0440\u0430\u043b\u044c\u043d\u0438\u043c \u043f\u0440\u043e\u0444\u0456\u043b\u0435\u043c.<\/h1>\n<p class=\"translation-block\"><strong>\u0428\u0443\u0439 \u0421\u044f\u043d\u044c<\/strong> (\u6c34\u4ed9), \u0456\u043d\u043a\u043e\u043b\u0438 \u0437\u0432\u0430\u043d\u0438\u0439 \u00ab\u041a\u0432\u0456\u0442\u043a\u043e\u044e \u0412\u043e\u0434\u0438\u00bb \u0430\u0431\u043e \u00ab\u0411\u0435\u0437\u0441\u043c\u0435\u0440\u0442\u043d\u043e\u044e \u041a\u0432\u0456\u0442\u043a\u043e\u044e\u00bb, \u0454 \u043e\u0434\u043d\u0438\u043c \u0437 \u043d\u0430\u0439\u0431\u0456\u043b\u044c\u0448 \u0442\u0440\u0430\u0434\u0438\u0446\u0456\u0439\u043d\u0438\u0445 \u0443\u043b\u0443\u043d\u0456\u0432 \u0442\u0438\u043f\u0443 <em>\u044f\u043d\u044c\u0447\u0430<\/em> \u0437 \u0440\u0435\u0433\u0456\u043e\u043d\u0443 <strong>\u0423\u0457\u0448\u0430\u043d\u044c<\/strong>. \u0419\u043e\u0433\u043e \u0445\u0430\u0440\u0430\u043a\u0442\u0435\u0440 \u043f\u043e\u0454\u0434\u043d\u0443\u0454 \u043c\u2019\u044f\u043a\u0456\u0441\u0442\u044c, \u0441\u043e\u043a\u043e\u0432\u0438\u0442\u0443 \u0444\u0440\u0443\u043a\u0442\u043e\u0432\u0456\u0441\u0442\u044c \u0442\u0430 \u043f\u0440\u0438\u0440\u043e\u0434\u043d\u0443 \u043c\u0456\u043d\u0435\u0440\u0430\u043b\u044c\u043d\u0456\u0441\u0442\u044c, \u0449\u043e \u043f\u043e\u0445\u043e\u0434\u0438\u0442\u044c \u0437\u0456 \u0441\u0442\u0440\u0456\u043c\u043a\u0438\u0445 \u0441\u043a\u0435\u043b\u044f\u0441\u0442\u0438\u0445 \u0441\u0445\u0438\u043b\u0456\u0432, \u043d\u0430 \u044f\u043a\u0438\u0445 \u0440\u043e\u0441\u0442\u0443\u0442\u044c \u0447\u0430\u0439\u043d\u0456 \u043a\u0443\u0449\u0456. \u0426\u0435 \u0447\u0430\u0439, \u044f\u043a\u0438\u0439 \u043f\u0440\u043e\u0442\u044f\u0433\u043e\u043c \u0441\u0442\u043e\u043b\u0456\u0442\u044c \u0432\u0438\u043a\u043e\u0440\u0438\u0441\u0442\u043e\u0432\u0443\u0432\u0430\u043b\u0438 \u0443 \u043c\u0435\u0434\u0438\u0442\u0430\u0446\u0456\u0457, \u0430\u0434\u0436\u0435 \u0439\u043e\u0433\u043e \u043f\u0440\u043e\u0444\u0456\u043b\u044c \u0441\u043f\u0440\u0438\u044f\u0454 \u0441\u043f\u043e\u043a\u043e\u044e \u0442\u0430 \u0443\u0432\u0430\u0436\u043d\u043e\u043c\u0443 \u0447\u0430\u044e\u0432\u0430\u043d\u043d\u044e.<\/p>\n<p class=\"translation-block\">\u0413\u043e\u0440\u0438 \u0423\u0457 \u0444\u043e\u0440\u043c\u0443\u044e\u0442\u044c \u0443\u043d\u0456\u043a\u0430\u043b\u044c\u043d\u0438\u0439 \u043c\u0456\u043a\u0440\u043e\u043a\u043b\u0456\u043c\u0430\u0442 \u2014 \u0446\u0438\u0440\u043a\u0443\u043b\u044f\u0446\u0456\u044f \u0442\u0443\u043c\u0430\u043d\u0456\u0432, \u0432\u043e\u043b\u043e\u0433\u0435 \u043f\u043e\u0432\u0456\u0442\u0440\u044f \u0442\u0430 \u0431\u0430\u0433\u0430\u0442\u0438\u0439 \u043d\u0430 \u043c\u0456\u043d\u0435\u0440\u0430\u043b\u0438 \u0491\u0440\u0443\u043d\u0442 \u0432\u043f\u043b\u0438\u0432\u0430\u044e\u0442\u044c \u043d\u0430 \u043b\u0438\u0441\u0442\u044f, \u043d\u0430\u0434\u0430\u044e\u0447\u0438 \u0457\u043c \u0432\u0438\u0440\u0430\u0437\u043d\u0456 \u0440\u0438\u0441\u0438, \u044f\u043a\u0456 \u043d\u0430\u0437\u0438\u0432\u0430\u044e\u0442\u044c <strong>\u044f\u043d\u044c \u044e\u043d\u044c<\/strong> (\u5ca9\u97f5), \u0442\u043e\u0431\u0442\u043e \u00ab\u043f\u043e\u0434\u0438\u0445 \u0441\u043a\u0435\u043b\u0456\u00bb. \u0426\u044f \u043c\u0456\u043d\u0435\u0440\u0430\u043b\u044c\u043d\u0430 \u043d\u043e\u0442\u043a\u0430 \u0454 \u043e\u0434\u043d\u0438\u043c \u0437 \u043d\u0430\u0439\u0432\u0430\u0436\u043b\u0438\u0432\u0456\u0448\u0438\u0445 \u0432\u043f\u0456\u0437\u043d\u0430\u0432\u0430\u043d\u0438\u0445 \u0445\u0430\u0440\u0430\u043a\u0442\u0435\u0440\u0438\u0441\u0442\u0438\u043a \u0428\u0443\u0439 \u0421\u044f\u043d\u044c.<\/p>\n<p><a href=\"https:\/\/teaeye.pl\/wp-content\/uploads\/2024\/06\/Shui-Xian-2.jpg\"><img fetchpriority=\"high\" decoding=\"async\" class=\"alignnone wp-image-15787\" src=\"https:\/\/teaeye.pl\/wp-content\/uploads\/2024\/06\/Shui-Xian-2-300x219.jpg\" alt=\"\u0428\u0443\u0439 \u0421\u044f\u043d\u044c\" width=\"551\" height=\"402\" srcset=\"https:\/\/teaeye.pl\/wp-content\/uploads\/2024\/06\/Shui-Xian-2-300x219.jpg 300w, https:\/\/teaeye.pl\/wp-content\/uploads\/2024\/06\/Shui-Xian-2-1024x748.jpg 1024w, https:\/\/teaeye.pl\/wp-content\/uploads\/2024\/06\/Shui-Xian-2-768x561.jpg 768w, https:\/\/teaeye.pl\/wp-content\/uploads\/2024\/06\/Shui-Xian-2-1536x1122.jpg 1536w, https:\/\/teaeye.pl\/wp-content\/uploads\/2024\/06\/Shui-Xian-2-16x12.jpg 16w, https:\/\/teaeye.pl\/wp-content\/uploads\/2024\/06\/Shui-Xian-2-600x438.jpg 600w, https:\/\/teaeye.pl\/wp-content\/uploads\/2024\/06\/Shui-Xian-2-850x621.jpg 850w, https:\/\/teaeye.pl\/wp-content\/uploads\/2024\/06\/Shui-Xian-2.jpg 1755w\" sizes=\"(max-width: 551px) 100vw, 551px\" \/><\/a><\/p>\n<h2>\u0410\u0440\u043e\u043c\u0430\u0442 \u0456 \u0441\u043c\u0430\u043a \u0428\u0443\u0439 \u0421\u044f\u043d\u044c<\/h2>\n<p class=\"translation-block\">\u041b\u0438\u0441\u0442\u044f \u0446\u044c\u043e\u0433\u043e \u0428\u0443\u0439 \u0421\u044f\u043d\u044c \u0431\u0443\u043b\u0438 \u043f\u0456\u0434\u0434\u0430\u043d\u0456 <strong>\u0441\u0435\u0440\u0435\u0434\u043d\u044c\u043e\u043c\u0443 \u043f\u0440\u043e\u0436\u0430\u0440\u044e\u0432\u0430\u043d\u043d\u044e \u043d\u0430 \u0432\u0443\u0433\u0456\u043b\u043b\u0456<\/strong>, \u044f\u043a\u0435 \u043f\u0456\u0434\u043a\u0440\u0435\u0441\u043b\u044e\u0454 \u0441\u043e\u043b\u043e\u0434\u043a\u0456\u0441\u0442\u044c \u0456 \u0437\u0430\u043a\u0440\u0456\u043f\u043b\u044e\u0454 \u0444\u0440\u0443\u043a\u0442\u043e\u0432\u043e-\u043a\u0432\u0456\u0442\u043a\u043e\u0432\u0456 \u043d\u043e\u0442\u0438, \u043d\u0435 \u0434\u043e\u0434\u0430\u044e\u0447\u0438 \u0432\u0430\u0436\u043a\u043e\u0457 \u0434\u0438\u043c\u043d\u043e\u0441\u0442\u0456.\n\u0412 \u0430\u0440\u043e\u043c\u0430\u0442\u0456 \u043f\u0440\u043e\u044f\u0432\u043b\u044f\u044e\u0442\u044c\u0441\u044f \u0441\u0442\u0438\u0433\u043b\u0438\u0439 \u043f\u0435\u0440\u0441\u0438\u043a, \u043d\u0456\u0436\u043d\u0430 \u044f\u0433\u0456\u0434\u043d\u0430 \u043a\u0438\u0441\u043b\u0438\u043d\u043a\u0430, \u0441\u0432\u0456\u0436\u0456\u0441\u0442\u044c \u043f\u0435\u043b\u044e\u0441\u0442\u043e\u043a \u0431\u0456\u043b\u0438\u0445 \u043a\u0432\u0456\u0442\u0456\u0432 \u0442\u0430 \u0442\u043e\u043d\u043a\u0438\u0439 \u0444\u043e\u043d \u0442\u0435\u043f\u043b\u043e\u0433\u043e \u0434\u0435\u0440\u0435\u0432\u0430.<\/p>\n<p class=\"translation-block\">\u041d\u0430\u0441\u0442\u0456\u0439 \u043c\u0430\u0454 <strong>\u0437\u043e\u043b\u043e\u0442\u0438\u0441\u0442\u0438\u0439, \u043f\u0440\u043e\u0437\u043e\u0440\u0438\u0439 \u043a\u043e\u043b\u0456\u0440<\/strong>, \u0449\u043e \u0430\u0441\u043e\u0446\u0456\u044e\u0454\u0442\u044c\u0441\u044f \u0437 \u0447\u0438\u0441\u0442\u043e\u044e \u0434\u0436\u0435\u0440\u0435\u043b\u044c\u043d\u043e\u044e \u0432\u043e\u0434\u043e\u044e, \u044f\u043a\u0430 \u0441\u0442\u0456\u043a\u0430\u0454 \u043f\u043e \u043a\u0430\u043c\u0435\u043d\u044e.\n\u0423 \u0441\u043c\u0430\u043a\u0443 \u0447\u0430\u0439 <strong>\u043c\u2019\u044f\u043a\u0438\u0439, \u0433\u043b\u0430\u0434\u043a\u0438\u0439 \u0456 \u043e\u043a\u0440\u0443\u0433\u043b\u0438\u0439<\/strong>.\n\u041d\u0456\u0436\u043d\u0430 <strong>\u0444\u0440\u0443\u043a\u0442\u043e\u0432\u0430 \u043a\u0438\u0441\u043b\u0438\u043d\u043a\u0430<\/strong> \u043d\u0430\u0434\u0430\u0454 \u0439\u043e\u043c\u0443 \u043b\u0435\u0433\u043a\u043e\u0441\u0442\u0456 \u0442\u0430 \u0436\u0432\u0430\u0432\u043e\u0441\u0442\u0456, \u0430 \u043c\u0456\u043d\u0435\u0440\u0430\u043b\u0438, \u043f\u0440\u0438\u0441\u0443\u0442\u043d\u0456 \u0432 \u0491\u0440\u0443\u043d\u0442\u0456 \u0433\u0456\u0440 \u0423\u0457, \u0434\u0430\u0440\u0443\u044e\u0442\u044c \u043d\u0430\u043f\u043e\u044e \u0432\u0456\u0434\u0447\u0443\u0442\u0442\u044f \u044f\u0441\u043d\u043e\u0441\u0442\u0456 \u0442\u0430 \u00ab\u043f\u0440\u043e\u0441\u0442\u043e\u0440\u0443\u00bb.<\/p>\n<p class=\"translation-block\">\u0423 \u043f\u0435\u0440\u0448\u0438\u0445 \u043f\u0440\u043e\u043b\u0438\u0432\u0430\u0445 \u0434\u043e\u043c\u0456\u043d\u0443\u044e\u0442\u044c \u043d\u043e\u0442\u0438 \u043f\u0435\u0440\u0441\u0438\u043a\u0430 \u0442\u0430 \u043a\u0432\u0456\u0442\u0456\u0432. \u041d\u0430\u0441\u0442\u0443\u043f\u043d\u0456 \u0437\u0430\u0432\u0430\u0440\u044e\u0432\u0430\u043d\u043d\u044f \u0440\u043e\u0437\u043a\u0440\u0438\u0432\u0430\u044e\u0442\u044c <strong>\u0431\u0456\u043b\u044c\u0448 \u043c\u0456\u043d\u0435\u0440\u0430\u043b\u044c\u043d\u0456 \u0442\u0430 \u0433\u043b\u0438\u0431\u0448\u0456 \u0448\u0430\u0440\u0438<\/strong> \u2014 \u0437\u2019\u044f\u0432\u043b\u044f\u0454\u0442\u044c\u0441\u044f \u043f\u0440\u043e\u0445\u043e\u043b\u043e\u0434\u043d\u0430 \u0441\u043e\u043b\u043e\u0434\u043a\u0456\u0441\u0442\u044c \u0456 \u043b\u0435\u0433\u043a\u0430 \u043f\u0440\u0438\u0440\u043e\u0434\u043d\u0430 \u0441\u0432\u0456\u0436\u0456\u0441\u0442\u044c, \u0449\u043e \u043d\u0430\u0433\u0430\u0434\u0443\u0454 \u0440\u043e\u0441\u0443 \u043d\u0430 \u0441\u0432\u0456\u0442\u0430\u043d\u043a\u0443.\n<strong>\u041f\u0456\u0441\u043b\u044f\u0441\u043c\u0430\u043a \u0434\u043e\u0432\u0433\u0438\u0439, \u0441\u043e\u043b\u043e\u0434\u043a\u043e-\u043a\u0438\u0441\u043b\u0443\u0432\u0430\u0442\u0438\u0439 \u0456 \u0433\u0430\u0440\u043c\u043e\u043d\u0456\u0439\u043d\u0438\u0439<\/strong>, \u0437\u0430\u043b\u0438\u0448\u0430\u0454 \u0432\u0456\u0434\u0447\u0443\u0442\u0442\u044f \u0441\u0432\u0456\u0436\u043e\u0441\u0442\u0456 \u0442\u0430 \u0432\u043d\u0443\u0442\u0440\u0456\u0448\u043d\u044c\u043e\u0433\u043e \u0441\u043f\u043e\u043a\u043e\u044e.<\/p>\n<p><a href=\"https:\/\/teaeye.pl\/wp-content\/uploads\/2024\/06\/Shui-Xian-3.jpg\"><img decoding=\"async\" class=\"alignnone wp-image-15788\" src=\"https:\/\/teaeye.pl\/wp-content\/uploads\/2024\/06\/Shui-Xian-3-300x219.jpg\" alt=\"\u0428\u0443\u0439 \u0421\u044f\u043d\u044c\" width=\"551\" height=\"402\" srcset=\"https:\/\/teaeye.pl\/wp-content\/uploads\/2024\/06\/Shui-Xian-3-300x219.jpg 300w, https:\/\/teaeye.pl\/wp-content\/uploads\/2024\/06\/Shui-Xian-3-1024x748.jpg 1024w, https:\/\/teaeye.pl\/wp-content\/uploads\/2024\/06\/Shui-Xian-3-768x561.jpg 768w, https:\/\/teaeye.pl\/wp-content\/uploads\/2024\/06\/Shui-Xian-3-1536x1122.jpg 1536w, https:\/\/teaeye.pl\/wp-content\/uploads\/2024\/06\/Shui-Xian-3-16x12.jpg 16w, https:\/\/teaeye.pl\/wp-content\/uploads\/2024\/06\/Shui-Xian-3-600x438.jpg 600w, https:\/\/teaeye.pl\/wp-content\/uploads\/2024\/06\/Shui-Xian-3-850x621.jpg 850w, https:\/\/teaeye.pl\/wp-content\/uploads\/2024\/06\/Shui-Xian-3.jpg 1755w\" sizes=\"(max-width: 551px) 100vw, 551px\" \/><\/a><\/p>\n<h2>\u042f\u043a \u0437\u0430\u0432\u0430\u0440\u044e\u0432\u0430\u0442\u0438<\/h2>\n<ul>\n<li class=\"translation-block\"><strong>\u0413\u0443\u043d\u0444\u0443 \u0447\u0430:<\/strong> 5\u20137 \u0433 \u043d\u0430 100\u2013150 \u043c\u043b, 95\u00b0C, \u043f\u0435\u0440\u0448\u0435 \u0437\u0430\u0432\u0430\u0440\u044e\u0432\u0430\u043d\u043d\u044f 10\u201315 \u0441, \u043d\u0430\u0441\u0442\u0443\u043f\u043d\u0456 \u043f\u043e\u0441\u0442\u0443\u043f\u043e\u0432\u043e \u043f\u043e\u0434\u043e\u0432\u0436\u0443\u0432\u0430\u0442\u0438.<\/li>\n<li class=\"translation-block\"><strong>\u041f\u043e\u0432\u0441\u044f\u043a\u0434\u0435\u043d\u043d\u0435 \u0437\u0430\u0432\u0430\u0440\u044e\u0432\u0430\u043d\u043d\u044f:<\/strong> 2\u20133 \u0433 \u043d\u0430 300\u2013400 \u043c\u043b, 90\u201395\u00b0C, 2\u20133 \u0445\u0432.<\/li>\n<\/ul>\n<p>Shui Xian najlepiej smakuje, gdy jest parzony powoli, w ma\u0142ych naczyniach, z uwa\u017cno\u015bci\u0105 na zmieniaj\u0105ce si\u0119 niuanse aromatu i smaku.<\/p>\n<p class=\"translation-block\">\u041a\u0443\u043f\u0438\u0442\u0438 <strong>\u0428\u0443\u0439 \u0421\u044f\u043d\u044c<\/strong> \u0443 <a href=\"https:\/\/teaeye.pl\/uk\/\" target=\"_self\">TEA EYE<\/a> \u2014 \u043c\u0430\u0433\u0430\u0437\u0438\u043d\u0456 \u043a\u0438\u0442\u0430\u0439\u0441\u044c\u043a\u043e\u0433\u043e \u0447\u0430\u044e \u0443 \u0412\u0430\u0440\u0448\u0430\u0432\u0456.\n\u041f\u0435\u0440\u0435\u0433\u043b\u044f\u043d\u044c \u0442\u0430\u043a\u043e\u0436 \u0456\u043d\u0448\u0456 <a href=\"https:\/\/teaeye.pl\/uk\/product-category\/oolong\/ciemny\/\" target=\"_self\">\u0442\u0435\u043c\u043d\u0456 \u0443\u043b\u0443\u043d\u0456 \u0437 \u0423\u0457<\/a> \u0430\u0431\u043e \u043f\u043e\u0440\u0456\u0432\u043d\u044f\u0439 \u0456\u0437 <a href=\"https:\/\/teaeye.pl\/uk\/product-category\/%d0%bf%d1%83%d0%b5%d1%80\/shu-puer\/\" target=\"_self\">\u0448\u0443 \u043f\u0443\u0435\u0440\u043e\u043c<\/a>.\n\u0411\u0456\u043b\u044c\u0448\u0435 \u043f\u0440\u043e \u0447\u0430\u0439 \u043c\u043e\u0436\u043d\u0430 \u043f\u0440\u043e\u0447\u0438\u0442\u0430\u0442\u0438 \u0442\u0443\u0442: <a href=\"https:\/\/pl.wikipedia.org\/wiki\/Shui_Xian\" target=\"_blank\" rel=\"noopener\">\u0428\u0443\u0439 \u0421\u044f\u043d\u044c \u2014 \u0412\u0456\u043a\u0456\u043f\u0435\u0434\u0456\u044f<\/a>.<\/p>\n<p><strong>SEO:<\/strong> kup Shui Xian w Warszawie, oolong Wuyi online, oolong premium, sklep z chi\u0144sk\u0105 herbat\u0105 w Polsce, yancha, herbata skalna.<\/p>","protected":false},"excerpt":{"rendered":"<p class=\"translation-block\">\u0428\u0443\u0439 \u0421\u044f\u043d\u044c (\u0411\u043b\u0430\u0433\u043e\u0441\u043b\u043e\u0432\u0435\u043d\u0430 \u00ab\u041a\u0432\u0456\u0442\u043a\u0430 \u0412\u043e\u0434\u0438\u00bb) \u2014 \u043a\u043b\u0430\u0441\u0438\u0447\u043d\u0438\u0439 \u0443\u043b\u0443\u043d \u0437 \u0433\u0456\u0440 \u0423\u0457, \u0432\u0456\u0434\u043e\u043c\u0438\u0439 \u0441\u0432\u043e\u0457\u043c \u043c\u2019\u044f\u043a\u0438\u043c, \u0444\u0440\u0443\u043a\u0442\u043e\u0432\u0438\u043c \u0456 \u043c\u0456\u043d\u0435\u0440\u0430\u043b\u044c\u043d\u0438\u043c \u0445\u0430\u0440\u0430\u043a\u0442\u0435\u0440\u043e\u043c. \u0426\u044f \u0432\u0435\u0440\u0441\u0456\u044f \u043c\u0430\u0454 \u0441\u0435\u0440\u0435\u0434\u043d\u0456\u0439 \u0441\u0442\u0443\u043f\u0456\u043d\u044c \u043f\u0440\u043e\u0436\u0430\u0440\u044e\u0432\u0430\u043d\u043d\u044f \u043d\u0430 \u0432\u0443\u0433\u0456\u043b\u043b\u0456, \u0449\u043e \u043f\u0456\u0434\u043a\u0440\u0435\u0441\u043b\u044e\u0454 \u043f\u0440\u0438\u0440\u043e\u0434\u043d\u0443 \u0441\u043e\u043b\u043e\u0434\u043a\u0456\u0441\u0442\u044c \u043b\u0438\u0441\u0442\u044f \u0442\u0430 \u0457\u0445\u043d\u044e \u0441\u0432\u0456\u0436\u0456\u0441\u0442\u044c.\n\u0412 \u0430\u0440\u043e\u043c\u0430\u0442\u0456 \u0437\u2019\u044f\u0432\u043b\u044f\u044e\u0442\u044c\u0441\u044f \u043d\u043e\u0442\u0438 \u0441\u0442\u0438\u0433\u043b\u0438\u0445 \u0444\u0440\u0443\u043a\u0442\u0456\u0432, \u043b\u0435\u0433\u043a\u043e\u0457 \u043a\u0432\u0456\u0442\u043a\u043e\u0432\u043e\u0441\u0442\u0456 \u0442\u0430 \u0442\u0435\u043f\u043b\u043e\u0457 \u043c\u0456\u043d\u0435\u0440\u0430\u043b\u044c\u043d\u043e\u0441\u0442\u0456, \u0449\u043e \u043d\u0430\u0433\u0430\u0434\u0443\u0454 \u0432\u043e\u043b\u043e\u0433\u0438\u0439 \u043a\u0430\u043c\u0456\u043d\u044c \u043f\u0456\u0441\u043b\u044f \u0434\u043e\u0449\u0443. \u041d\u0430\u0441\u0442\u0456\u0439 \u0437\u043e\u043b\u043e\u0442\u0438\u0441\u0442\u0438\u0439, \u043f\u0440\u043e\u0437\u043e\u0440\u0438\u0439 \u0456 \u043c\u2019\u044f\u043a\u0438\u0439.\n\u0423 \u0441\u043c\u0430\u043a\u0443 \u0432\u0456\u0434\u0447\u0443\u0432\u0430\u0454\u0442\u044c\u0441\u044f \u043d\u0456\u0436\u043d\u0430, \u043f\u0440\u0438\u0454\u043c\u043d\u0430 <strong>\u0444\u0440\u0443\u043a\u0442\u043e\u0432\u0430 \u043a\u0438\u0441\u043b\u0438\u043d\u043a\u0430<\/strong>, \u043d\u043e\u0442\u0430 \u0431\u0456\u043b\u043e\u0433\u043e \u043f\u0435\u0440\u0441\u0438\u043a\u0430 \u0442\u0430 \u0442\u043e\u043d\u043a\u0430 \u0441\u043e\u043b\u043e\u0434\u043a\u0456\u0441\u0442\u044c. \u041f\u0456\u0441\u043b\u044f\u0441\u043c\u0430\u043a \u0447\u0438\u0441\u0442\u0438\u0439, \u0434\u043e\u0432\u0433\u0438\u0439 \u0456 \u0437\u043b\u0435\u0433\u043a\u0430 \u0441\u043e\u043b\u043e\u0434\u043a\u043e-\u043a\u0438\u0441\u043b\u0443\u0432\u0430\u0442\u0438\u0439 \u2014 \u0456\u0434\u0435\u0430\u043b\u044c\u043d\u0438\u0439 \u0434\u043b\u044f \u0441\u043f\u043e\u043a\u0456\u0439\u043d\u0438\u0445 \u0441\u0435\u0441\u0456\u0439 \u0433\u0443\u043d\u0444\u0443.\n\u0426\u0435 \u0447\u0430\u0439, \u044f\u043a\u0438\u0439 \u0437\u0430\u0441\u043f\u043e\u043a\u043e\u044e\u0454 \u0442\u0430 \u043f\u0440\u043e\u044f\u0441\u043d\u044e\u0454 \u0440\u043e\u0437\u0443\u043c.<\/p>","protected":false},"featured_media":10203,"comment_status":"open","ping_status":"closed","template":"","meta":[],"product_cat":[112,149,108,170],"product_tag":[],"class_list":{"0":"post-8012","1":"product","2":"type-product","3":"status-publish","4":"has-post-thumbnail","6":"product_cat-ciemny","7":"product_cat-herbata","8":"product_cat-oolong","9":"product_cat-oolong-ciemny","11":"first","12":"outofstock","13":"shipping-taxable","14":"purchasable","15":"product-type-variable","16":"has-default-attributes"},"aioseo_notices":[],"_links":{"self":[{"href":"https:\/\/teaeye.pl\/uk\/wp-json\/wp\/v2\/product\/8012","targetHints":{"allow":["GET"]}}],"collection":[{"href":"https:\/\/teaeye.pl\/uk\/wp-json\/wp\/v2\/product"}],"about":[{"href":"https:\/\/teaeye.pl\/uk\/wp-json\/wp\/v2\/types\/product"}],"replies":[{"embeddable":true,"href":"https:\/\/teaeye.pl\/uk\/wp-json\/wp\/v2\/comments?post=8012"}],"version-history":[{"count":6,"href":"https:\/\/teaeye.pl\/uk\/wp-json\/wp\/v2\/product\/8012\/revisions"}],"predecessor-version":[{"id":15789,"href":"https:\/\/teaeye.pl\/uk\/wp-json\/wp\/v2\/product\/8012\/revisions\/15789"}],"wp:featuredmedia":[{"embeddable":true,"href":"https:\/\/teaeye.pl\/uk\/wp-json\/wp\/v2\/media\/10203"}],"wp:attachment":[{"href":"https:\/\/teaeye.pl\/uk\/wp-json\/wp\/v2\/media?parent=8012"}],"wp:term":[{"taxonomy":"product_cat","embeddable":true,"href":"https:\/\/teaeye.pl\/uk\/wp-json\/wp\/v2\/product_cat?post=8012"},{"taxonomy":"product_tag","embeddable":true,"href":"https:\/\/teaeye.pl\/uk\/wp-json\/wp\/v2\/product_tag?post=8012"}],"curies":[{"name":"wp","href":"https:\/\/api.w.org\/{rel}","templated":true}]}}