{"id":8020,"date":"2024-06-30T07:37:39","date_gmt":"2024-06-30T07:37:39","guid":{"rendered":"https:\/\/teaeye.pl\/?post_type=product&#038;p=8020"},"modified":"2025-07-14T08:17:33","modified_gmt":"2025-07-14T08:17:33","slug":"oolong-huang-mei-gui","status":"publish","type":"product","link":"https:\/\/teaeye.pl\/uk\/product\/oolong-huang-mei-gui\/","title":{"rendered":"Huang Mei Gui \u201e\u017b\u00f3\u0142ta R\u00f3\u017ca\u201d"},"content":{"rendered":"<p>\u2013 Gliniany czajnik lub gaiwan o grubych\/\u015brednich \u015bciankach;<br \/>\n\u2013 Woda o temperaturze 90-95\u00b0C;<br \/>\n\u2013 Proporcje suchej herbaty: 5-6 g na 100 ml wody;<br \/>\n\u2013 Parzy\u0107 przez 15-20 sekund. Ka\u017cde kolejne parzenie wyd\u0142u\u017ca\u0107 o 10 sekund;<br \/>\n\u2013 Wytrzymuje 6 zalew\u00f3w bez utraty smaku.<\/p>","protected":false},"excerpt":{"rendered":"<p>\u201e\u017b\u00f3\u0142ta R\u00f3\u017ca\u201d to \u015brednio roztapiany oolong z Wuyi. Li\u015bcie s\u0105 starannie skr\u0119cone, o g\u0142\u0119bokim granatowym kolorze z zielonymi wtr\u0105ceniami. Napar ma jasny, przezroczysty odcie\u0144 miodowo-bursztynowy.<\/p>\n<p>Aromat jest owocowo-kwiatowy, intensywny i pe\u0142en g\u0142\u0119bi. W nosie wyczuwalne s\u0105 nuty winogron, \u015bliwek, tropikalnych kwiat\u00f3w i cynamonu. Smak herbaty \u0142\u0105czy w sobie wszystkie elementy: s\u0142odycz miodu, gorycz drewna, kwa\u015bno\u015b\u0107 owoc\u00f3w i delikatn\u0105 przyprawowo\u015b\u0107. Posmak jest owocowy i \u015bci\u0105gaj\u0105cy, kt\u00f3ry po kilku minutach przechodzi w czyst\u0105 s\u0142odycz.<\/p>\n<p>To doskona\u0142a codzienna herbata z Wuyi o lekkim charakterze. Jej bogaty smak i aromat nie maj\u0105 w sobie dymu ani w\u0119gla, a d\u0142ugotrwa\u0142e, przyjemne posmakowanie przypomina herbaty Dan Cong, co z pewno\u015bci\u0105 przypadnie do gustu mi\u0142o\u015bnikom Qi Lan. Cho\u0107 gor\u0105ca herbata mo\u017ce wysusza\u0107, po och\u0142odzeniu staje si\u0119 \u0142agodniejsza. Szybko rozgrzewa cia\u0142o i relaksuje umys\u0142.<\/p>","protected":false},"featured_media":10185,"comment_status":"open","ping_status":"closed","template":"","meta":[],"product_cat":[112,108],"product_tag":[],"class_list":{"0":"post-8020","1":"product","2":"type-product","3":"status-publish","4":"has-post-thumbnail","6":"product_cat-ciemny","7":"product_cat-oolong","9":"first","10":"outofstock","11":"shipping-taxable","12":"purchasable","13":"product-type-variable","14":"has-default-attributes"},"aioseo_notices":[],"_links":{"self":[{"href":"https:\/\/teaeye.pl\/uk\/wp-json\/wp\/v2\/product\/8020","targetHints":{"allow":["GET"]}}],"collection":[{"href":"https:\/\/teaeye.pl\/uk\/wp-json\/wp\/v2\/product"}],"about":[{"href":"https:\/\/teaeye.pl\/uk\/wp-json\/wp\/v2\/types\/product"}],"replies":[{"embeddable":true,"href":"https:\/\/teaeye.pl\/uk\/wp-json\/wp\/v2\/comments?post=8020"}],"version-history":[{"count":4,"href":"https:\/\/teaeye.pl\/uk\/wp-json\/wp\/v2\/product\/8020\/revisions"}],"predecessor-version":[{"id":10188,"href":"https:\/\/teaeye.pl\/uk\/wp-json\/wp\/v2\/product\/8020\/revisions\/10188"}],"wp:featuredmedia":[{"embeddable":true,"href":"https:\/\/teaeye.pl\/uk\/wp-json\/wp\/v2\/media\/10185"}],"wp:attachment":[{"href":"https:\/\/teaeye.pl\/uk\/wp-json\/wp\/v2\/media?parent=8020"}],"wp:term":[{"taxonomy":"product_cat","embeddable":true,"href":"https:\/\/teaeye.pl\/uk\/wp-json\/wp\/v2\/product_cat?post=8020"},{"taxonomy":"product_tag","embeddable":true,"href":"https:\/\/teaeye.pl\/uk\/wp-json\/wp\/v2\/product_tag?post=8020"}],"curies":[{"name":"wp","href":"https:\/\/api.w.org\/{rel}","templated":true}]}}