{"id":8033,"date":"2024-06-30T07:44:25","date_gmt":"2024-06-30T07:44:25","guid":{"rendered":"https:\/\/teaeye.pl\/?post_type=product&#038;p=8033"},"modified":"2026-01-22T13:29:15","modified_gmt":"2026-01-22T13:29:15","slug":"mi-lan-xiang","status":"publish","type":"product","link":"https:\/\/teaeye.pl\/uk\/product\/mi-lan-xiang\/","title":{"rendered":"\u041c\u0456 \u041b\u0430\u043d \u0421\u044f\u043d\u044c"},"content":{"rendered":"<p>\u201eAromat Miodowej Orchidei\u201d to wybitny i popularny przedstawiciel g\u00f3rskich oolong\u00f3w z prowincji Guangdong. Herbata ta zachwyca bogatym i wielowarstwowym smakiem: jest g\u0119sta, oleista i pe\u0142na, z lekk\u0105 cierpko\u015bci\u0105, pikantn\u0105 goryczk\u0105 i orze\u017awiaj\u0105c\u0105 kwaskowato\u015bci\u0105. Aromat tej herbaty oraz pustego kubka emanuje intensywnymi, przyprawowo-kwiatowymi nutami. To idealny wyb\u00f3r na ceremoni\u0119 parzenia herbaty, \u0142\u0105cz\u0105cy subtelno\u015b\u0107 i mocne dzia\u0142anie, tworz\u0105c atmosfer\u0119, w kt\u00f3rej warto cieszy\u0107 si\u0119 ka\u017cdym \u0142ykiem.<\/p>\n<p>\u2013 Gliniany czajnik lub gaiwan o grubych\/\u015brednich \u015bciankach;<br \/>\n\u2013 Woda o temperaturze 90-95\u00b0C;<br \/>\n\u2013 Proporcje suchej herbaty: 5-6 g na 100 ml wody;<br \/>\n\u2013 Parzy\u0107 przez 15-20 sekund. Ka\u017cde kolejne parzenie wyd\u0142u\u017ca\u0107 o 10 sekund;<br \/>\n\u2013 Wytrzymuje 6 zalew\u00f3w bez utraty smaku.<\/p>","protected":false},"excerpt":{"rendered":"<p><strong>Herbata &#8222;Aromat Miodowej Orchidei&#8221;<\/strong><\/p>\n<p>&#8222;Aromat Miodowej Orchidei&#8221; to jeden z najlepszych oolong\u00f3w kontynentalnych Chin, produkowany w ma\u0142ej manufakturze w rejonie G\u00f3r Feniks\u00f3w. Ten wyj\u0105tkowy egzemplarz charakteryzuje si\u0119 wyra\u017an\u0105 kwiatow\u0105 cierpko\u015bci\u0105, znan\u0105 mi\u0142o\u015bnikom oolong\u00f3w z Guangdongu.<\/p>\n<p>Li\u015bcie herbaty s\u0105 du\u017ce, ciemnoczerwone i skr\u0119cone wzd\u0142u\u017c, a ich zapach w stanie suchym ma kwiatowo-owocowe nuty z delikatnymi przyprawowymi akcentami. Napar ma przezroczysty bursztynowy kolor z czerwonymi odcieniami.<\/p>\n<p>Bukiet gotowego naparu jest wyrafinowany i intensywny, \u0142\u0105cz\u0105c nuty kwiatowe i miodowe z tropikalnymi owocami, przyprawami oraz jagodami. Aromat jest subtelny, ale jednocze\u015bnie intensywny, podczas gdy smak jest wielowarstwowy i oleisty, z kwiatow\u0105 cierpko\u015bci\u0105, goryczk\u0105 i orze\u017awiaj\u0105c\u0105 kwaskowato\u015bci\u0105. Posmak jest s\u0142odki i d\u0142ugi, z wyra\u017anym kwiatowym akcentem.<\/p>\n<p>Herbata ta ma r\u00f3wnie\u017c korzystny wp\u0142yw na organizm: delikatnie rozgrzewa, przenosz\u0105c nas w wiosenny nastr\u00f3j. Dzia\u0142a tonizuj\u0105co, daj\u0105c jednocze\u015bnie relaksacyjny efekt, co czyni j\u0105 idealnym wyborem na ka\u017cd\u0105 por\u0119 dnia.<\/p>\n<p>Ta herbata nadaje si\u0119 na ka\u017cd\u0105 okazj\u0119 i b\u0119dzie doskona\u0142ym wyborem dla tych, kt\u00f3rzy pragn\u0105 naprawd\u0119 cieszy\u0107 si\u0119 oolongiem. Wymaga uwagi oraz pewnego do\u015bwiadczenia w parzeniu, ale ka\u017cdy \u0142yk przyniesie przyjemno\u015b\u0107, a powracanie do niej stanie si\u0119 szczeg\u00f3lnym rytua\u0142em.<\/p>","protected":false},"featured_media":10190,"comment_status":"open","ping_status":"closed","template":"","meta":[],"product_cat":[112,108],"product_tag":[],"class_list":{"0":"post-8033","1":"product","2":"type-product","3":"status-publish","4":"has-post-thumbnail","6":"product_cat-ciemny","7":"product_cat-oolong","9":"first","10":"outofstock","11":"shipping-taxable","12":"purchasable","13":"product-type-variable","14":"has-default-attributes"},"aioseo_notices":[],"_links":{"self":[{"href":"https:\/\/teaeye.pl\/uk\/wp-json\/wp\/v2\/product\/8033","targetHints":{"allow":["GET"]}}],"collection":[{"href":"https:\/\/teaeye.pl\/uk\/wp-json\/wp\/v2\/product"}],"about":[{"href":"https:\/\/teaeye.pl\/uk\/wp-json\/wp\/v2\/types\/product"}],"replies":[{"embeddable":true,"href":"https:\/\/teaeye.pl\/uk\/wp-json\/wp\/v2\/comments?post=8033"}],"version-history":[{"count":7,"href":"https:\/\/teaeye.pl\/uk\/wp-json\/wp\/v2\/product\/8033\/revisions"}],"predecessor-version":[{"id":10248,"href":"https:\/\/teaeye.pl\/uk\/wp-json\/wp\/v2\/product\/8033\/revisions\/10248"}],"wp:featuredmedia":[{"embeddable":true,"href":"https:\/\/teaeye.pl\/uk\/wp-json\/wp\/v2\/media\/10190"}],"wp:attachment":[{"href":"https:\/\/teaeye.pl\/uk\/wp-json\/wp\/v2\/media?parent=8033"}],"wp:term":[{"taxonomy":"product_cat","embeddable":true,"href":"https:\/\/teaeye.pl\/uk\/wp-json\/wp\/v2\/product_cat?post=8033"},{"taxonomy":"product_tag","embeddable":true,"href":"https:\/\/teaeye.pl\/uk\/wp-json\/wp\/v2\/product_tag?post=8033"}],"curies":[{"name":"wp","href":"https:\/\/api.w.org\/{rel}","templated":true}]}}