{"id":8198,"date":"2024-07-07T20:00:07","date_gmt":"2024-07-07T20:00:07","guid":{"rendered":"https:\/\/teaeye.pl\/?post_type=product&#038;p=8198"},"modified":"2026-03-26T01:05:37","modified_gmt":"2026-03-26T01:05:37","slug":"podstawka-na-kadzidelka-simple","status":"publish","type":"product","link":"https:\/\/teaeye.pl\/uk\/product\/podstawka-na-kadzidelka-simple\/","title":{"rendered":"\u041f\u0456\u0434\u0441\u0442\u0430\u0432\u043a\u0430 \u0434\u043b\u044f \u043f\u0430\u0445\u043e\u0449\u0456\u0432 Simple"},"content":{"rendered":"<h1>\u041f\u0456\u0434\u0441\u0442\u0430\u0432\u043a\u0430 \u0434\u043b\u044f \u043f\u0430\u0445\u043e\u0449\u0456\u0432 \u00abSimple\u00bb \u2013 \u0434\u0435\u0440\u0435\u0432\u2019\u044f\u043d\u0430 \u043f\u0456\u0434\u0441\u0442\u0430\u0432\u043a\u0430 \u0456\u0437 \u0421\u0430\u0445\u0430\u0440\u0430\u043d\u043f\u0443\u0440\u0443 (\u0406\u043d\u0434\u0456\u044f)<\/h1>\n<p><strong>\u041f\u0456\u0434\u0441\u0442\u0430\u0432\u043a\u0430 \u0434\u043b\u044f \u043f\u0430\u0445\u043e\u0449\u0456\u0432 Simple<\/strong> zosta\u0142a wykonana r\u0119cznie z naturalnego drewna w mie\u015bcie <a href=\"https:\/\/en.wikipedia.org\/wiki\/Saharanpur\" target=\"_blank\" rel=\"noopener\">Saharanpur<\/a>, \u0440\u043e\u0437\u0442\u0430\u0448\u043e\u0432\u0430\u043d\u043e\u043c\u0443 \u043d\u0430 \u043f\u0456\u0432\u043d\u043e\u0447\u0456 \u0406\u043d\u0434\u0456\u0457, \u0449\u043e \u0441\u043b\u0430\u0432\u0438\u0442\u044c\u0441\u044f \u0442\u0440\u0430\u0434\u0438\u0446\u0456\u0439\u043d\u0438\u043c \u0441\u0442\u043e\u043b\u044f\u0440\u043d\u0438\u043c \u0440\u0435\u043c\u0435\u0441\u043b\u043e\u043c. \u0407\u0457 \u043c\u0456\u043d\u0456\u043c\u0430\u043b\u0456\u0441\u0442\u0438\u0447\u043d\u0438\u0439 \u0434\u0438\u0437\u0430\u0439\u043d \u0440\u043e\u0431\u0438\u0442\u044c \u0457\u0457 \u0434\u043e\u0440\u0435\u0447\u043d\u043e\u044e \u0432 \u0431\u0443\u0434\u044c-\u044f\u043a\u043e\u043c\u0443 \u0456\u043d\u0442\u0435\u0440\u2019\u0454\u0440\u0456 \u2014 \u0432\u0456\u0434 \u043a\u043b\u0430\u0441\u0438\u0447\u043d\u043e\u0433\u043e \u0434\u043e \u0441\u0443\u0447\u0430\u0441\u043d\u043e\u0433\u043e. \u0426\u0435 \u043f\u0440\u0430\u043a\u0442\u0438\u0447\u043d\u0435 \u0439 \u0435\u0441\u0442\u0435\u0442\u0438\u0447\u043d\u0435 \u0434\u043e\u043f\u043e\u0432\u043d\u0435\u043d\u043d\u044f \u0434\u043b\u044f \u0449\u043e\u0434\u0435\u043d\u043d\u043e\u0433\u043e \u0432\u0438\u043a\u043e\u0440\u0438\u0441\u0442\u0430\u043d\u043d\u044f \u043f\u0430\u0445\u043e\u0449\u0456\u0432.<\/p>\n<p><a href=\"https:\/\/teaeye.pl\/wp-content\/uploads\/2024\/07\/190434.jpeg\"><img fetchpriority=\"high\" decoding=\"async\" class=\"alignnone wp-image-14679\" src=\"https:\/\/teaeye.pl\/wp-content\/uploads\/2024\/07\/190434-300x200.jpeg\" alt=\"\" width=\"545\" height=\"363\" srcset=\"https:\/\/teaeye.pl\/wp-content\/uploads\/2024\/07\/190434-300x200.jpeg 300w, https:\/\/teaeye.pl\/wp-content\/uploads\/2024\/07\/190434-1024x683.jpeg 1024w, https:\/\/teaeye.pl\/wp-content\/uploads\/2024\/07\/190434-768x512.jpeg 768w, https:\/\/teaeye.pl\/wp-content\/uploads\/2024\/07\/190434-1536x1024.jpeg 1536w, https:\/\/teaeye.pl\/wp-content\/uploads\/2024\/07\/190434-18x12.jpeg 18w, https:\/\/teaeye.pl\/wp-content\/uploads\/2024\/07\/190434-600x400.jpeg 600w, https:\/\/teaeye.pl\/wp-content\/uploads\/2024\/07\/190434-850x567.jpeg 850w, https:\/\/teaeye.pl\/wp-content\/uploads\/2024\/07\/190434.jpeg 1600w\" sizes=\"(max-width: 545px) 100vw, 545px\" \/><\/a><\/p>\n<h2>\u0429\u043e\u0434\u0435\u043d\u043d\u0435 \u0432\u0438\u043a\u043e\u0440\u0438\u0441\u0442\u0430\u043d\u043d\u044f \u041f\u0456\u0434\u0441\u0442\u0430\u0432\u043a\u0438 \u0434\u043b\u044f \u043f\u0430\u0445\u043e\u0449\u0456\u0432<\/h2>\n<p>\u041f\u0440\u043e\u0441\u0442\u0430 \u0444\u043e\u0440\u043c\u0430 \u043f\u0456\u0434\u0441\u0442\u0430\u0432\u043a\u0438 \u0434\u043e\u0437\u0432\u043e\u043b\u044f\u0454 \u0431\u0435\u0437\u043f\u0435\u0447\u043d\u043e \u0437\u0431\u0438\u0440\u0430\u0442\u0438 \u043f\u043e\u043f\u0456\u043b \u0456 \u043f\u0456\u0434\u0442\u0440\u0438\u043c\u0443\u0432\u0430\u0442\u0438 \u043f\u043e\u0440\u044f\u0434\u043e\u043a \u043f\u0456\u0434 \u0447\u0430\u0441 \u0432\u0438\u043a\u043e\u0440\u0438\u0441\u0442\u0430\u043d\u043d\u044f \u043f\u0430\u0445\u043e\u0449\u0456\u0432. <a href=\"https:\/\/teaeye.pl\/uk\/product-category\/akcesoria\/kadzidla\/\" target=\"_blank\" rel=\"noopener\">\u043f\u0430\u0445\u043e\u0449\u0456\u0432<\/a>. \u0417\u0430\u0432\u0434\u044f\u043a\u0438 \u043d\u0430\u0442\u0443\u0440\u0430\u043b\u044c\u043d\u043e\u043c\u0443 \u043e\u0437\u0434\u043e\u0431\u043b\u0435\u043d\u043d\u044e \u0434\u0435\u0440\u0435\u0432\u0438\u043d\u0438 \u043a\u043e\u0436\u0435\u043d \u0432\u0438\u0440\u0456\u0431 \u0454 \u0443\u043d\u0456\u043a\u0430\u043b\u044c\u043d\u0438\u043c \u2014 \u0434\u0440\u0456\u0431\u043d\u0456 \u0432\u0456\u0434\u043c\u0456\u043d\u043d\u043e\u0441\u0442\u0456 \u0443 \u0441\u0442\u0440\u0443\u043a\u0442\u0443\u0440\u0456 \u0442\u0430 \u0432\u0456\u0434\u0442\u0456\u043d\u043a\u0443 \u043f\u0456\u0434\u043a\u0440\u0435\u0441\u043b\u044e\u044e\u0442\u044c \u0440\u0443\u0447\u043d\u0443 \u0440\u043e\u0431\u043e\u0442\u0443. \u041f\u0456\u0434\u0441\u0442\u0430\u0432\u043a\u0430 \u0441\u0442\u0430\u043d\u0435 \u0443 \u043f\u0440\u0438\u0433\u043e\u0434\u0456 \u044f\u043a \u043f\u0456\u0434 \u0447\u0430\u0441 \u043c\u0435\u0434\u0438\u0442\u0430\u0446\u0456\u0439, \u0440\u0438\u0442\u0443\u0430\u043b\u0456\u0432 \u0440\u043e\u0437\u0441\u043b\u0430\u0431\u043b\u0435\u043d\u043d\u044f, \u0442\u0430\u043a \u0456 \u0432 \u043f\u043e\u0432\u0441\u044f\u043a\u0434\u0435\u043d\u043d\u043e\u043c\u0443 \u0432\u0438\u043a\u043e\u0440\u0438\u0441\u0442\u0430\u043d\u043d\u0456.<\/p>\n<p><a href=\"https:\/\/teaeye.pl\/wp-content\/uploads\/2024\/07\/190435.jpeg\"><img decoding=\"async\" class=\"alignnone wp-image-14680\" src=\"https:\/\/teaeye.pl\/wp-content\/uploads\/2024\/07\/190435-300x300.jpeg\" alt=\"\" width=\"538\" height=\"538\" srcset=\"https:\/\/teaeye.pl\/wp-content\/uploads\/2024\/07\/190435-300x300.jpeg 300w, https:\/\/teaeye.pl\/wp-content\/uploads\/2024\/07\/190435-1024x1024.jpeg 1024w, https:\/\/teaeye.pl\/wp-content\/uploads\/2024\/07\/190435-150x150.jpeg 150w, https:\/\/teaeye.pl\/wp-content\/uploads\/2024\/07\/190435-768x768.jpeg 768w, https:\/\/teaeye.pl\/wp-content\/uploads\/2024\/07\/190435-1536x1536.jpeg 1536w, https:\/\/teaeye.pl\/wp-content\/uploads\/2024\/07\/190435-12x12.jpeg 12w, https:\/\/teaeye.pl\/wp-content\/uploads\/2024\/07\/190435-32x32.jpeg 32w, https:\/\/teaeye.pl\/wp-content\/uploads\/2024\/07\/190435-600x600.jpeg 600w, https:\/\/teaeye.pl\/wp-content\/uploads\/2024\/07\/190435-850x850.jpeg 850w, https:\/\/teaeye.pl\/wp-content\/uploads\/2024\/07\/190435-100x100.jpeg 100w, https:\/\/teaeye.pl\/wp-content\/uploads\/2024\/07\/190435-96x96.jpeg 96w, https:\/\/teaeye.pl\/wp-content\/uploads\/2024\/07\/190435-460x460.jpeg 460w, https:\/\/teaeye.pl\/wp-content\/uploads\/2024\/07\/190435.jpeg 1600w\" sizes=\"(max-width: 538px) 100vw, 538px\" \/><\/a><\/p>\n<h2>\u041c\u0456\u043d\u0456\u043c\u0430\u043b\u0456\u0437\u043c \u0456 \u043a\u0440\u0430\u0441\u0430<\/h2>\n<p>Podstawka \u201eSimple\u201d to idealny wyb\u00f3r dla os\u00f3b, kt\u00f3re ceni\u0105 <strong>\u043f\u0440\u043e\u0441\u0442\u043e\u0442\u0443, \u0444\u0443\u043d\u043a\u0446\u0456\u043e\u043d\u0430\u043b\u044c\u043d\u0456\u0441\u0442\u044c \u0456 \u043d\u0430\u0442\u0443\u0440\u0430\u043b\u044c\u043d\u0456 \u043c\u0430\u0442\u0435\u0440\u0456\u0430\u043b\u0438<\/strong>. \u0427\u0443\u0434\u043e\u0432\u043e \u043f\u043e\u0454\u0434\u043d\u0443\u0454\u0442\u044c\u0441\u044f \u0437 \u0440\u0456\u0437\u043d\u0438\u043c\u0438 \u0432\u0438\u0434\u0430\u043c\u0438 \u043f\u0430\u0445\u043e\u0449\u0456\u0432 \u2014 \u0432\u0456\u0434 \u043a\u043b\u0430\u0441\u0438\u0447\u043d\u0438\u0445 \u043f\u0430\u043b\u0438\u0447\u043e\u043a \u0434\u043e \u0430\u0440\u043e\u043c\u0430\u0442\u0438\u0447\u043d\u0438\u0445 \u0441\u0443\u043c\u0456\u0448\u0435\u0439. \u0426\u0435 \u043f\u0440\u0430\u043a\u0442\u0438\u0447\u043d\u0435 \u0434\u043e\u043f\u043e\u0432\u043d\u0435\u043d\u043d\u044f, \u044f\u043a\u0435 \u0437\u0430\u0432\u0435\u0440\u0448\u0438\u0442\u044c \u0442\u0432\u0456\u0439 \u0440\u0438\u0442\u0443\u0430\u043b \u0456 \u043d\u0430\u0434\u0430\u0441\u0442\u044c \u0456\u043d\u0442\u0435\u0440\u2019\u0454\u0440\u0443 \u043e\u0441\u043e\u0431\u043b\u0438\u0432\u043e\u0457 \u0430\u0442\u043c\u043e\u0441\u0444\u0435\u0440\u0438.<\/p>","protected":false},"excerpt":{"rendered":"<p>\u041f\u0456\u0434\u0441\u0442\u0430\u0432\u043a\u0430 \u0434\u043b\u044f \u043f\u0430\u0445\u043e\u0449\u0456\u0432 \u00abSimple\u00bb \u0432\u0438\u0433\u043e\u0442\u043e\u0432\u043b\u0435\u043d\u0430 \u0437 \u043d\u0430\u0442\u0443\u0440\u0430\u043b\u044c\u043d\u043e\u0433\u043e \u0434\u0435\u0440\u0435\u0432\u0430 \u0432 \u0421\u0430\u0445\u0430\u0440\u0430\u043d\u043f\u0443\u0440\u0456 (\u0406\u043d\u0434\u0456\u044f). \u041c\u0456\u043d\u0456\u043c\u0430\u043b\u0456\u0441\u0442\u0438\u0447\u043d\u0430 \u0444\u043e\u0440\u043c\u0430 \u0440\u043e\u0431\u0438\u0442\u044c \u0457\u0457 \u0432\u043e\u0434\u043d\u043e\u0447\u0430\u0441 \u0444\u0443\u043d\u043a\u0446\u0456\u043e\u043d\u0430\u043b\u044c\u043d\u043e\u044e \u0442\u0430 \u0435\u0441\u0442\u0435\u0442\u0438\u0447\u043d\u043e\u044e, \u0430 \u0442\u0430\u043a\u043e\u0436 \u0442\u0430\u043a\u043e\u044e, \u0449\u043e \u043f\u0430\u0441\u0443\u0454 \u0434\u043e \u0431\u0443\u0434\u044c-\u044f\u043a\u043e\u0433\u043e \u0456\u043d\u0442\u0435\u0440\u2019\u0454\u0440\u0443. \u0406\u0434\u0435\u0430\u043b\u044c\u043d\u043e \u043f\u0456\u0434\u0445\u043e\u0434\u0438\u0442\u044c \u0434\u043b\u044f \u0449\u043e\u0434\u0435\u043d\u043d\u043e\u0433\u043e \u0432\u0438\u043a\u043e\u0440\u0438\u0441\u0442\u0430\u043d\u043d\u044f \u043f\u0430\u0445\u043e\u0449\u0456\u0432 \u0456 \u043c\u0435\u0434\u0438\u0442\u0430\u0446\u0456\u0439.<\/p>","protected":false},"featured_media":8199,"comment_status":"open","ping_status":"closed","template":"","meta":[],"product_cat":[131,178],"product_tag":[],"class_list":{"0":"post-8198","1":"product","2":"type-product","3":"status-publish","4":"has-post-thumbnail","6":"product_cat-kadzidla","7":"product_cat-podstawki-pod-kadzidelka","9":"first","10":"instock","11":"shipping-taxable","12":"purchasable","13":"product-type-simple"},"aioseo_notices":[],"_links":{"self":[{"href":"https:\/\/teaeye.pl\/uk\/wp-json\/wp\/v2\/product\/8198","targetHints":{"allow":["GET"]}}],"collection":[{"href":"https:\/\/teaeye.pl\/uk\/wp-json\/wp\/v2\/product"}],"about":[{"href":"https:\/\/teaeye.pl\/uk\/wp-json\/wp\/v2\/types\/product"}],"replies":[{"embeddable":true,"href":"https:\/\/teaeye.pl\/uk\/wp-json\/wp\/v2\/comments?post=8198"}],"version-history":[{"count":4,"href":"https:\/\/teaeye.pl\/uk\/wp-json\/wp\/v2\/product\/8198\/revisions"}],"predecessor-version":[{"id":14771,"href":"https:\/\/teaeye.pl\/uk\/wp-json\/wp\/v2\/product\/8198\/revisions\/14771"}],"wp:featuredmedia":[{"embeddable":true,"href":"https:\/\/teaeye.pl\/uk\/wp-json\/wp\/v2\/media\/8199"}],"wp:attachment":[{"href":"https:\/\/teaeye.pl\/uk\/wp-json\/wp\/v2\/media?parent=8198"}],"wp:term":[{"taxonomy":"product_cat","embeddable":true,"href":"https:\/\/teaeye.pl\/uk\/wp-json\/wp\/v2\/product_cat?post=8198"},{"taxonomy":"product_tag","embeddable":true,"href":"https:\/\/teaeye.pl\/uk\/wp-json\/wp\/v2\/product_tag?post=8198"}],"curies":[{"name":"wp","href":"https:\/\/api.w.org\/{rel}","templated":true}]}}