{"id":8240,"date":"2024-07-08T22:10:40","date_gmt":"2024-07-08T22:10:40","guid":{"rendered":"https:\/\/teaeye.pl\/?post_type=product&#038;p=8240"},"modified":"2026-01-24T00:46:14","modified_gmt":"2026-01-24T00:46:14","slug":"kadzidelka-stamford-cones-white-musk","status":"publish","type":"product","link":"https:\/\/teaeye.pl\/uk\/product\/kadzidelka-stamford-cones-white-musk\/","title":{"rendered":"Kadzide\u0142ka &#8211; Stamford Cones: White Musk"},"content":{"rendered":"<p>\u201cStamford Cones\u201d &#8211; naturalne kadzide\u0142ka sto\u017ckowe z ro\u015blinnym sk\u0142adem. Ekologicznie czyste unikalne aromaty, kt\u00f3re nie pozostawi\u0105 nikogo oboj\u0119tnym.<\/p>\n<p>Naturalne kadzide\u0142ka sto\u017ckowe o zapachu bia\u0142ego pi\u017cma. Ro\u015blinna baza, czysty aromat, 15 sztuk w opakowaniu.<\/p>","protected":false},"excerpt":{"rendered":"<p data-start=\"200\" data-end=\"477\"><strong data-start=\"200\" data-end=\"229\">Stamford Cones White Musk<\/strong> to naturalne kadzide\u0142ka sto\u017ckowe, stworzone z ro\u015blinnych sk\u0142adnik\u00f3w i inspirowane czysto\u015bci\u0105 bia\u0142ego pi\u017cma. Ich zapach to subtelne po\u0142\u0105czenie ciep\u0142a, lekko\u015bci i zmys\u0142owo\u015bci \u2013 idealne do medytacji, relaksu lub nadania wn\u0119trzu przytulnej atmosfery.<\/p>\n<p data-start=\"479\" data-end=\"793\">Kadzide\u0142ka Stamford Cones s\u0105 wolne od sztucznych dodatk\u00f3w i w pe\u0142ni przyjazne dla \u015brodowiska. Ka\u017cdy sto\u017cek pali si\u0119 powoli, uwalniaj\u0105c mi\u0119kki, otulaj\u0105cy aromat, kt\u00f3ry koi zmys\u0142y i pomaga si\u0119 wyciszy\u0107. Bia\u0142e pi\u017cmo to zapach czysto\u015bci i harmonii \u2013 uniwersalny i elegancki, odpowiedni zar\u00f3wno na dzie\u0144, jak i wiecz\u00f3r.<\/p>\n<p data-start=\"795\" data-end=\"925\">\u041f\u043e\u0434\u0438\u0432\u0438\u0441\u044c \u0442\u0430\u043a\u043e\u0436 \u0456\u043d\u0448\u0456 <a class=\"cursor-pointer\" target=\"_new\" rel=\"noopener\" data-start=\"813\" data-end=\"907\">kadzid\u0142a i akcesoria do aromaterapii<\/a> \u0443 \u043d\u0430\u0448\u043e\u043c\u0443 \u043c\u0430\u0433\u0430\u0437\u0438\u043d\u0456<\/p>\n<p data-start=\"927\" data-end=\"1051\">Dowiedz si\u0119 wi\u0119cej o tradycji u\u017cywania pi\u017cma i naturalnych kadzide\u0142 na <a class=\"\" href=\"https:\/\/en.wikipedia.org\/wiki\/Musk\" target=\"_new\" rel=\"noopener\" data-start=\"998\" data-end=\"1050\">Wikipedii (EN)<\/a>.<\/p>","protected":false},"featured_media":8241,"comment_status":"open","ping_status":"closed","template":"","meta":[],"product_cat":[129,177,131,145],"product_tag":[],"class_list":{"0":"post-8240","1":"product","2":"type-product","3":"status-publish","4":"has-post-thumbnail","6":"product_cat-akcesoria","7":"product_cat-kadzidelka","8":"product_cat-kadzidla","9":"product_cat-znizki","11":"first","12":"instock","13":"sale","14":"shipping-taxable","15":"purchasable","16":"product-type-simple"},"aioseo_notices":[],"_links":{"self":[{"href":"https:\/\/teaeye.pl\/uk\/wp-json\/wp\/v2\/product\/8240","targetHints":{"allow":["GET"]}}],"collection":[{"href":"https:\/\/teaeye.pl\/uk\/wp-json\/wp\/v2\/product"}],"about":[{"href":"https:\/\/teaeye.pl\/uk\/wp-json\/wp\/v2\/types\/product"}],"replies":[{"embeddable":true,"href":"https:\/\/teaeye.pl\/uk\/wp-json\/wp\/v2\/comments?post=8240"}],"version-history":[{"count":4,"href":"https:\/\/teaeye.pl\/uk\/wp-json\/wp\/v2\/product\/8240\/revisions"}],"predecessor-version":[{"id":13097,"href":"https:\/\/teaeye.pl\/uk\/wp-json\/wp\/v2\/product\/8240\/revisions\/13097"}],"wp:featuredmedia":[{"embeddable":true,"href":"https:\/\/teaeye.pl\/uk\/wp-json\/wp\/v2\/media\/8241"}],"wp:attachment":[{"href":"https:\/\/teaeye.pl\/uk\/wp-json\/wp\/v2\/media?parent=8240"}],"wp:term":[{"taxonomy":"product_cat","embeddable":true,"href":"https:\/\/teaeye.pl\/uk\/wp-json\/wp\/v2\/product_cat?post=8240"},{"taxonomy":"product_tag","embeddable":true,"href":"https:\/\/teaeye.pl\/uk\/wp-json\/wp\/v2\/product_tag?post=8240"}],"curies":[{"name":"wp","href":"https:\/\/api.w.org\/{rel}","templated":true}]}}