{"id":8316,"date":"2024-07-11T07:42:38","date_gmt":"2024-07-11T07:42:38","guid":{"rendered":"https:\/\/teaeye.pl\/?post_type=product&#038;p=8316"},"modified":"2026-03-10T15:31:03","modified_gmt":"2026-03-10T15:31:03","slug":"plant-based-violet-lily","status":"publish","type":"product","link":"https:\/\/teaeye.pl\/uk\/product\/plant-based-violet-lily\/","title":{"rendered":"Kadzide\u0142ka sto\u017ckowe &#8211; Stamford: Violet Lily&#8221;"},"content":{"rendered":"<p>\u201cPlant Based\u201d &#8211; sto\u017ckowe kadzide\u0142ka typu backflow premium klasy, wykonane r\u0119cznie na bazie ro\u015blinnej.<\/p>","protected":false},"excerpt":{"rendered":"<p class=\"\" data-start=\"200\" data-end=\"401\">Wprowad\u017a do swojego wn\u0119trza nut\u0119 subtelnej elegancji z kadzid\u0142ami <strong data-start=\"266\" data-end=\"302\">Stamford Plant Based Violet Lily<\/strong>. Ich delikatny, kwiatowy zapach przynosi ukojenie zmys\u0142om, tworz\u0105c atmosfer\u0119 spokoju i wyciszenia.<\/p>\n<p class=\"\" data-start=\"403\" data-end=\"940\">\ud83c\udf3f <strong data-start=\"406\" data-end=\"425\">W 100% ro\u015blinne<\/strong> \u2013 r\u0119cznie wykonane z naturalnych sk\u0142adnik\u00f3w pochodzenia ro\u015blinnego, bez dodatk\u00f3w odzwierz\u0119cych.<br data-start=\"521\" data-end=\"524\" \/>\ud83c\udf38 <strong data-start=\"527\" data-end=\"537\">\u0410\u0440\u043e\u043c\u0430\u0442<\/strong> \u2013 \u0142agodny, kwiatowy i relaksuj\u0105cy, z nutami fio\u0142ka i lilii, kt\u00f3re wype\u0142niaj\u0105 przestrze\u0144 \u015bwie\u017co\u015bci\u0105 i harmoni\u0105.<br data-start=\"648\" data-end=\"651\" \/>\ud83c\udf00 <strong data-start=\"654\" data-end=\"687\">Efekt backflow (dym wsteczny)<\/strong> \u2013 dym opada w d\u00f3\u0142, tworz\u0105c efektown\u0105 mgie\u0142k\u0119 \u2013 idealne do stworzenia klimatycznej przestrzeni do relaksu lub medytacji.<br data-start=\"807\" data-end=\"810\" \/>\ud83d\udce6 <strong data-start=\"813\" data-end=\"827\">Opakowanie<\/strong> \u2013 12 sto\u017ck\u00f3w w opakowaniu, ka\u017cdy pali si\u0119 oko\u0142o 20 minut.<br data-start=\"885\" data-end=\"888\" \/>\ud83c\uddec\ud83c\udde7 <strong data-start=\"893\" data-end=\"906\">Producent<\/strong> \u2013 Stamford Inc., Wielka Brytania.<\/p>\n<hr class=\"\" data-start=\"942\" data-end=\"945\" \/>\n<p class=\"\" data-start=\"947\" data-end=\"1172\"><strong data-start=\"947\" data-end=\"964\">Spos\u00f3b u\u017cycia<\/strong>: u\u017cywaj z odpowiedni\u0105 podstawk\u0105 do kadzide\u0142 typu backflow. Podpal ko\u0144c\u00f3wk\u0119 sto\u017cka, poczekaj, a\u017c si\u0119 roz\u017carzy, nast\u0119pnie zga\u015b p\u0142omie\u0144 \u2013 dym zacznie delikatnie opada\u0107 w d\u00f3\u0142, tworz\u0105c wizualnie urzekaj\u0105cy efekt.<\/p>","protected":false},"featured_media":8317,"comment_status":"open","ping_status":"closed","template":"","meta":[],"product_cat":[129,177,131,145],"product_tag":[],"class_list":{"0":"post-8316","1":"product","2":"type-product","3":"status-publish","4":"has-post-thumbnail","6":"product_cat-akcesoria","7":"product_cat-kadzidelka","8":"product_cat-kadzidla","9":"product_cat-znizki","11":"first","12":"instock","13":"sale","14":"shipping-taxable","15":"purchasable","16":"product-type-simple"},"aioseo_notices":[],"_links":{"self":[{"href":"https:\/\/teaeye.pl\/uk\/wp-json\/wp\/v2\/product\/8316","targetHints":{"allow":["GET"]}}],"collection":[{"href":"https:\/\/teaeye.pl\/uk\/wp-json\/wp\/v2\/product"}],"about":[{"href":"https:\/\/teaeye.pl\/uk\/wp-json\/wp\/v2\/types\/product"}],"replies":[{"embeddable":true,"href":"https:\/\/teaeye.pl\/uk\/wp-json\/wp\/v2\/comments?post=8316"}],"version-history":[{"count":4,"href":"https:\/\/teaeye.pl\/uk\/wp-json\/wp\/v2\/product\/8316\/revisions"}],"predecessor-version":[{"id":13101,"href":"https:\/\/teaeye.pl\/uk\/wp-json\/wp\/v2\/product\/8316\/revisions\/13101"}],"wp:featuredmedia":[{"embeddable":true,"href":"https:\/\/teaeye.pl\/uk\/wp-json\/wp\/v2\/media\/8317"}],"wp:attachment":[{"href":"https:\/\/teaeye.pl\/uk\/wp-json\/wp\/v2\/media?parent=8316"}],"wp:term":[{"taxonomy":"product_cat","embeddable":true,"href":"https:\/\/teaeye.pl\/uk\/wp-json\/wp\/v2\/product_cat?post=8316"},{"taxonomy":"product_tag","embeddable":true,"href":"https:\/\/teaeye.pl\/uk\/wp-json\/wp\/v2\/product_tag?post=8316"}],"curies":[{"name":"wp","href":"https:\/\/api.w.org\/{rel}","templated":true}]}}