{"id":8323,"date":"2024-07-11T07:46:10","date_gmt":"2024-07-11T07:46:10","guid":{"rendered":"https:\/\/teaeye.pl\/?post_type=product&#038;p=8323"},"modified":"2026-01-22T12:49:04","modified_gmt":"2026-01-22T12:49:04","slug":"plant-based-jasmine-tea","status":"publish","type":"product","link":"https:\/\/teaeye.pl\/uk\/product\/plant-based-jasmine-tea\/","title":{"rendered":"\u0410\u0440\u043e\u043c\u0430\u0442\u0438\u0447\u043d\u0456 \u043f\u0430\u043b\u0438\u0447\u043a\u0438 'Stamford Plant Based Jasmine Tea' \u043a\u043e\u043d\u0443\u0441\u043d\u0456 (\u0436\u0430\u0441\u043c\u0438\u043d\u043e\u0432\u0438\u0439 \u0447\u0430\u0439), \u0437\u0432\u043e\u0440\u043e\u0442\u043d\u0438\u0439 \u043f\u043e\u0442\u0456\u043a - 12 \u0448\u0442\u0443\u043a"},"content":{"rendered":"<p>\u201cPlant Based\u201d &#8211; sto\u017ckowe kadzide\u0142ka typu backflow premium klasy, wykonane r\u0119cznie na bazie ro\u015blinnej.<\/p>","protected":false},"excerpt":{"rendered":"<p class=\"\" data-start=\"204\" data-end=\"449\">Zanurz si\u0119 w atmosferze spokoju i harmonii dzi\u0119ki kadzid\u0142om <strong data-start=\"264\" data-end=\"300\">Stamford Plant Based Jasmine Tea<\/strong>. Naturalne sto\u017cki z efektem dymu wstecznego wype\u0142niaj\u0105 przestrze\u0144 wyrafinowanym aromatem herbaty ja\u015bminowej, tworz\u0105c uczucie relaksu i przytulno\u015bci.<\/p>\n<p class=\"\" data-start=\"451\" data-end=\"957\">\ud83c\udf3f <strong data-start=\"454\" data-end=\"473\">W 100% ro\u015blinne<\/strong> \u2013 kadzid\u0142a wykonane wy\u0142\u0105cznie z naturalnych sk\u0142adnik\u00f3w ro\u015blinnych, bez produkt\u00f3w pochodzenia zwierz\u0119cego.<br data-start=\"579\" data-end=\"582\" \/>\ud83c\udf43 <strong data-start=\"585\" data-end=\"595\">\u0410\u0440\u043e\u043c\u0430\u0442<\/strong> \u2013 delikatny, kwiatowy i inspiruj\u0105cy, z nutami \u015bwie\u017cego ja\u015bminu i lekk\u0105 herbacian\u0105 goryczk\u0105.<br data-start=\"687\" data-end=\"690\" \/>\ud83c\udf00 <strong data-start=\"693\" data-end=\"726\">Efekt backflow (dym wsteczny)<\/strong> \u2013 tworzy efektowny wizualny strumie\u0144 dymu sp\u0142ywaj\u0105cy w d\u00f3\u0142, idealny do medytacji, jogi i relaksu.<br data-start=\"824\" data-end=\"827\" \/>\ud83d\udce6 <strong data-start=\"830\" data-end=\"844\">Opakowanie<\/strong> \u2013 12 sto\u017ck\u00f3w w opakowaniu, ka\u017cdy pali si\u0119 oko\u0142o 20 minut.<br data-start=\"902\" data-end=\"905\" \/>\ud83c\uddec\ud83c\udde7 <strong data-start=\"910\" data-end=\"923\">Producent<\/strong> \u2013 Stamford Inc., Wielka Brytania.<\/p>\n<hr class=\"\" data-start=\"959\" data-end=\"962\" \/>\n<p class=\"\" data-start=\"964\" data-end=\"1173\"><strong data-start=\"964\" data-end=\"981\">Spos\u00f3b u\u017cycia<\/strong>: u\u017cywaj ze specjaln\u0105 podstawk\u0105 do kadzide\u0142 z efektem backflow. Podpal ko\u0144c\u00f3wk\u0119 sto\u017cka, poczekaj, a\u017c zap\u0142onie, a nast\u0119pnie zga\u015b p\u0142omie\u0144 \u2013 dym zacznie p\u0142yn\u0105\u0107 w d\u00f3\u0142, tworz\u0105c hipnotyzuj\u0105cy efekt.<\/p>","protected":false},"featured_media":8324,"comment_status":"open","ping_status":"closed","template":"","meta":[],"product_cat":[129,131],"product_tag":[],"class_list":{"0":"post-8323","1":"product","2":"type-product","3":"status-publish","4":"has-post-thumbnail","6":"product_cat-akcesoria","7":"product_cat-kadzidla","9":"first","10":"outofstock","11":"shipping-taxable","12":"purchasable","13":"product-type-simple"},"aioseo_notices":[],"_links":{"self":[{"href":"https:\/\/teaeye.pl\/uk\/wp-json\/wp\/v2\/product\/8323","targetHints":{"allow":["GET"]}}],"collection":[{"href":"https:\/\/teaeye.pl\/uk\/wp-json\/wp\/v2\/product"}],"about":[{"href":"https:\/\/teaeye.pl\/uk\/wp-json\/wp\/v2\/types\/product"}],"replies":[{"embeddable":true,"href":"https:\/\/teaeye.pl\/uk\/wp-json\/wp\/v2\/comments?post=8323"}],"version-history":[{"count":3,"href":"https:\/\/teaeye.pl\/uk\/wp-json\/wp\/v2\/product\/8323\/revisions"}],"predecessor-version":[{"id":12584,"href":"https:\/\/teaeye.pl\/uk\/wp-json\/wp\/v2\/product\/8323\/revisions\/12584"}],"wp:featuredmedia":[{"embeddable":true,"href":"https:\/\/teaeye.pl\/uk\/wp-json\/wp\/v2\/media\/8324"}],"wp:attachment":[{"href":"https:\/\/teaeye.pl\/uk\/wp-json\/wp\/v2\/media?parent=8323"}],"wp:term":[{"taxonomy":"product_cat","embeddable":true,"href":"https:\/\/teaeye.pl\/uk\/wp-json\/wp\/v2\/product_cat?post=8323"},{"taxonomy":"product_tag","embeddable":true,"href":"https:\/\/teaeye.pl\/uk\/wp-json\/wp\/v2\/product_tag?post=8323"}],"curies":[{"name":"wp","href":"https:\/\/api.w.org\/{rel}","templated":true}]}}