{"id":9176,"date":"2024-09-14T20:21:54","date_gmt":"2024-09-14T20:21:54","guid":{"rendered":"https:\/\/teaeye.pl\/?post_type=product&#038;p=9176"},"modified":"2025-11-25T16:35:48","modified_gmt":"2025-11-25T16:35:48","slug":"sin-jang-mao-jian-wlochate-ostrza-z-sinyangu-2024-r","status":"publish","type":"product","link":"https:\/\/teaeye.pl\/uk\/product\/sin-jang-mao-jian-wlochate-ostrza-z-sinyangu-2024-r\/","title":{"rendered":"Xinyang Maojian &#8222;W\u0142ochate Ostrza z Sinyangu&#8221; (2024)"},"content":{"rendered":"<p>Mao Jian zosta\u0142 w 1959 roku wpisany na list\u0119 dziesi\u0119ciu najs\u0142ynniejszych chi\u0144skich herbat. Obszary, w kt\u00f3rych uprawiane s\u0105 krzewy do tej herbaty, poetycko nazywane s\u0105 \u201ePi\u0119cioma chmurzystymi g\u00f3rami i dwoma smoczymi stawami\u201d. Historia Mao Jian zacz\u0119\u0142a si\u0119 w 1915 roku, a od tego czasu zdoby\u0142 wiele nagr\u00f3d, w tym z\u0142ote medale na wystawach w San Francisco i Kunmingu, a tak\u017ce na japo\u0144skiej konferencji herbat zielonych w 2007 roku.<br \/>\nTa herbata jest zbierana do 20 razy w sezonie. Jest podzielona na pi\u0119\u0107 klas, z kt\u00f3rych premium i najwy\u017csza s\u0105 najdro\u017csze i najbardziej unikatowe. Mimo to nawet prostsze gatunki zachwycaj\u0105 swoim bogatym smakiem i skr\u0119conymi li\u015b\u0107mi. Sinyang Mao Jian jest r\u00f3wnie\u017c znany z wysokiej zawarto\u015bci witaminy C i olejk\u00f3w eterycznych, co pomaga wzmacnia\u0107 odporno\u015b\u0107.<br \/>\nHerbat\u0119 uprawia si\u0119 w powiecie Sinyang, w prowincji Henan, ale jej produkcja rozszerzy\u0142a si\u0119 r\u00f3wnie\u017c na inne regiony, takie jak Guizhou.<br \/>\nAromat i smak tej herbaty przypominaj\u0105 wiosn\u0119: pachnie jak g\u00f3rskie rzeki, \u015bwie\u017ce owoce, lekko niedojrza\u0142a brzoskwinia oraz kwiaty, takie jak chryzantema i lawenda. Zostawia d\u0142ugie, s\u0142odkie posmaki.<\/p>","protected":false},"excerpt":{"rendered":"<p>Xinyang Maojian, znany jako W\u0142ochate Ostrza z Sinyangu, to herbata g\u00f3rska, nasycona \u015bwie\u017co\u015bci\u0105 g\u00f3rskich \u017ar\u00f3de\u0142 i czystym powietrzem. Zbi\u00f3r odbywa si\u0119 wczesn\u0105 wiosn\u0105, kiedy m\u0142ode li\u015bcie z delikatnymi, w\u0142ochatymi p\u0105kami nabieraj\u0105 subtelnego aromatu g\u00f3rskich kwiat\u00f3w oraz delikatnych nut brzoskwini i \u015bwie\u017co \u015bci\u0119tej trawy.<br \/>\nNapar ma wyj\u0105tkowe po\u0142\u0105czenie smak\u00f3w: \u015bwie\u017co\u015bci, lekko\u015bci, delikatno\u015bci, a jednocze\u015bnie subtelnej cierpko\u015bci. Jego kolor to srebrzysto-cytrynowy, co podkre\u015bla wyrafinowanie tej herbaty.<\/p>\n<p>Wi\u0119cej o herbacie poni\u017cej w opisie.<\/p>","protected":false},"featured_media":9177,"comment_status":"open","ping_status":"closed","template":"","meta":[],"product_cat":[114,145],"product_tag":[],"class_list":{"0":"post-9176","1":"product","2":"type-product","3":"status-publish","4":"has-post-thumbnail","6":"product_cat-zielona-herbata","7":"product_cat-znizki","9":"first","10":"outofstock","11":"sale","12":"shipping-taxable","13":"purchasable","14":"product-type-variable","15":"has-default-attributes"},"aioseo_notices":[],"_links":{"self":[{"href":"https:\/\/teaeye.pl\/uk\/wp-json\/wp\/v2\/product\/9176","targetHints":{"allow":["GET"]}}],"collection":[{"href":"https:\/\/teaeye.pl\/uk\/wp-json\/wp\/v2\/product"}],"about":[{"href":"https:\/\/teaeye.pl\/uk\/wp-json\/wp\/v2\/types\/product"}],"replies":[{"embeddable":true,"href":"https:\/\/teaeye.pl\/uk\/wp-json\/wp\/v2\/comments?post=9176"}],"version-history":[{"count":7,"href":"https:\/\/teaeye.pl\/uk\/wp-json\/wp\/v2\/product\/9176\/revisions"}],"predecessor-version":[{"id":10141,"href":"https:\/\/teaeye.pl\/uk\/wp-json\/wp\/v2\/product\/9176\/revisions\/10141"}],"wp:featuredmedia":[{"embeddable":true,"href":"https:\/\/teaeye.pl\/uk\/wp-json\/wp\/v2\/media\/9177"}],"wp:attachment":[{"href":"https:\/\/teaeye.pl\/uk\/wp-json\/wp\/v2\/media?parent=9176"}],"wp:term":[{"taxonomy":"product_cat","embeddable":true,"href":"https:\/\/teaeye.pl\/uk\/wp-json\/wp\/v2\/product_cat?post=9176"},{"taxonomy":"product_tag","embeddable":true,"href":"https:\/\/teaeye.pl\/uk\/wp-json\/wp\/v2\/product_tag?post=9176"}],"curies":[{"name":"wp","href":"https:\/\/api.w.org\/{rel}","templated":true}]}}