{"id":9392,"date":"2024-09-18T11:47:58","date_gmt":"2024-09-18T11:47:58","guid":{"rendered":"https:\/\/teaeye.pl\/?post_type=product&#038;p=9392"},"modified":"2025-02-05T10:28:53","modified_gmt":"2025-02-05T10:28:53","slug":"liu-bao-cha-8218-2023-500g","status":"publish","type":"product","link":"https:\/\/teaeye.pl\/uk\/product\/liu-bao-cha-8218-2023-500g\/","title":{"rendered":"Liu Bao Cha 8218 (2023) 500g"},"content":{"rendered":"<p><strong>Opakowanie i wygl\u0105d zewn\u0119trzny:<\/strong><\/p>\n<p>Herbata zapakowana jest w eleganckim plecionym koszyku, co czyni j\u0105 doskona\u0142ym wyborem na prezent. Na zewn\u0105trz herbata ma form\u0119 ma\u0142ych stru\u017cek o popielato-br\u0105zowym kolorze z minimaln\u0105 ilo\u015bci\u0105 ogonk\u00f3w. Ten wizualny aspekt nadaje herbacie autentyczno\u015b\u0107 i podkre\u015bla jej zwi\u0105zek z tradycj\u0105.<\/p>\n<p><strong>Zalecenia dotycz\u0105ce parzenia:<\/strong><\/p>\n<ul>\n<li>U\u017cywaj glinianych lub ceramicznych naczy\u0144 o grubych \u015bciankach.<\/li>\n<li>\u0422\u0435\u043c\u043f\u0435\u0440\u0430\u0442\u0443\u0440\u0430 \u0432\u043e\u0434\u0438: 95\u201398 \u00b0C.<\/li>\n<li>Proporcja: 5-6 g suchej herbaty na 100 ml wody.<\/li>\n<li>Herbata zachowuje smak i aromat przez 6-7 parze\u0144.<\/li>\n<\/ul>","protected":false},"excerpt":{"rendered":"<p><strong>Herbata Liu Bao Cha 8218<\/strong> to wyj\u0105tkowy przedstawiciel herbaty z prowincji Guangxi, kt\u00f3ry zas\u0142u\u017cenie mo\u017cna uzna\u0107 za uciele\u015bnienie tradycji i historii herbaty. Przygotowana z \u015bwie\u017cego wiosennego surowca z 2023 roku, ta herbata hei cha \u0142\u0105czy staro\u017cytne metody przetwarzania z m\u0142odym, bogatym surowcem, co czyni j\u0105 szczeg\u00f3ln\u0105 i niepowtarzaln\u0105.<\/p>\n<p><strong>Opakowanie i wygl\u0105d zewn\u0119trzny:<\/strong><\/p>\n<p>Herbata zapakowana jest w eleganckim plecionym koszyku, co czyni j\u0105 doskona\u0142ym wyborem na prezent. Na zewn\u0105trz herbata ma form\u0119 ma\u0142ych stru\u017cek o popielato-br\u0105zowym kolorze z minimaln\u0105 ilo\u015bci\u0105 ogonk\u00f3w. Ten wizualny aspekt nadaje herbacie autentyczno\u015b\u0107 i podkre\u015bla jej zwi\u0105zek z tradycj\u0105.<\/p>\n<p><strong>\u0410\u0440\u043e\u043c\u0430\u0442 \u0456 \u0441\u043c\u0430\u043a:<\/strong><\/p>\n<p>Aromat suchej herbaty jest g\u0142\u0119boki i wielowarstwowy, z dominuj\u0105cymi nutami przypraw i balsamicznymi akcentami, przypominaj\u0105cymi wilgotny las. Napar ma wyra\u017any odcie\u0144 koniaku i kasztanu. Po zaparzeniu herbata rozwija wyrazisty bukiet z balsamicznymi i drewnianymi nutami, w kt\u00f3rych mo\u017cna wyczu\u0107 akcenty \u017cywicy, orzecha le\u015bnego, mchu i jag\u00f3d. Aromat gotowego naparu jest ciep\u0142y i g\u0119sty, z przyprawowym, jagodowym akcentem i drewnian\u0105 \u0142agodno\u015bci\u0105.<\/p>\n<p>Smak herbaty jest g\u0119sty i intensywny, z delikatn\u0105 cierpko\u015bci\u0105 i subteln\u0105 s\u0142odycz\u0105. Ma d\u0142ugi, otulaj\u0105cy posmak, kt\u00f3ry utrzymuje si\u0119 na j\u0119zyku, daj\u0105c g\u0142\u0119bok\u0105 satysfakcj\u0119.<\/p>\n<p><strong>Podawanie i parzenie:<\/strong><\/p>\n<p>Ta herbata jest idealna na codzienne picie dzi\u0119ki swojej prostocie w parzeniu i wszechstronno\u015bci. Doskonale sprawdza si\u0119 zar\u00f3wno w kubku, jak i w termosie, a tak\u017ce przy parzeniu metod\u0105 nalewania lub gotowania na ogniu. Szczeg\u00f3lnie dobrze sprawdza si\u0119 w ch\u0142odn\u0105 i deszczow\u0105 pogod\u0119, kiedy rozgrzewa i tonizuje, tworz\u0105c spokojn\u0105 i medytacyjn\u0105 atmosfer\u0119.<\/p>","protected":false},"featured_media":9393,"comment_status":"open","ping_status":"closed","template":"","meta":[],"product_cat":[116,134,145],"product_tag":[],"class_list":{"0":"post-9392","1":"product","2":"type-product","3":"status-publish","4":"has-post-thumbnail","6":"product_cat-czarna-herbata","7":"product_cat-zestawy","8":"product_cat-znizki","10":"first","11":"outofstock","12":"sale","13":"shipping-taxable","14":"purchasable","15":"product-type-simple"},"aioseo_notices":[],"_links":{"self":[{"href":"https:\/\/teaeye.pl\/uk\/wp-json\/wp\/v2\/product\/9392","targetHints":{"allow":["GET"]}}],"collection":[{"href":"https:\/\/teaeye.pl\/uk\/wp-json\/wp\/v2\/product"}],"about":[{"href":"https:\/\/teaeye.pl\/uk\/wp-json\/wp\/v2\/types\/product"}],"replies":[{"embeddable":true,"href":"https:\/\/teaeye.pl\/uk\/wp-json\/wp\/v2\/comments?post=9392"}],"version-history":[{"count":1,"href":"https:\/\/teaeye.pl\/uk\/wp-json\/wp\/v2\/product\/9392\/revisions"}],"predecessor-version":[{"id":9397,"href":"https:\/\/teaeye.pl\/uk\/wp-json\/wp\/v2\/product\/9392\/revisions\/9397"}],"wp:featuredmedia":[{"embeddable":true,"href":"https:\/\/teaeye.pl\/uk\/wp-json\/wp\/v2\/media\/9393"}],"wp:attachment":[{"href":"https:\/\/teaeye.pl\/uk\/wp-json\/wp\/v2\/media?parent=9392"}],"wp:term":[{"taxonomy":"product_cat","embeddable":true,"href":"https:\/\/teaeye.pl\/uk\/wp-json\/wp\/v2\/product_cat?post=9392"},{"taxonomy":"product_tag","embeddable":true,"href":"https:\/\/teaeye.pl\/uk\/wp-json\/wp\/v2\/product_tag?post=9392"}],"curies":[{"name":"wp","href":"https:\/\/api.w.org\/{rel}","templated":true}]}}