{"id":9741,"date":"2024-10-08T10:38:49","date_gmt":"2024-10-08T10:38:49","guid":{"rendered":"https:\/\/teaeye.pl\/?post_type=product&#038;p=9741"},"modified":"2025-09-11T13:43:59","modified_gmt":"2025-09-11T13:43:59","slug":"e-sheng-shaihun-ai-lao-shan","status":"publish","type":"product","link":"https:\/\/teaeye.pl\/uk\/product\/e-sheng-shaihun-ai-lao-shan\/","title":{"rendered":"Ye Sheng Shaihong, Ai Lao Shan"},"content":{"rendered":"<p><strong>Kr\u00f3tkie parzenia<\/strong>:<\/p>\n<ul>\n<li>Porowata, gliniana czarka.<\/li>\n<li>Woda 90-95\u00b0C.<\/li>\n<li>3-4 g herbaty na 100 ml wody.<\/li>\n<li>Parzy\u0107 kr\u00f3tkimi zalewaniami (5-15 sekund), stopniowo wyd\u0142u\u017caj\u0105c czas o 5-10 sekund.<\/li>\n<li>Zachowuje smak do 8-9 parze\u0144.<\/li>\n<\/ul>\n<p><strong>Metoda naparowa<\/strong>:<\/p>\n<ul>\n<li>Szklany lub porcelanowy czajniczek.<\/li>\n<li>Woda 90-95\u00b0C.<\/li>\n<li>8-10 g herbaty na 1 litr wody.<\/li>\n<li>Nale\u017cy ogrza\u0107 czajnik, zala\u0107 herbat\u0119 i pozostawi\u0107 na 3-5 minut.<\/li>\n<\/ul>","protected":false},"excerpt":{"rendered":"<p>Wyprodukowana z dzikich drzew, zosta\u0142a wysuszona w naturalny spos\u00f3b na s\u0142o\u0144cu. Herbata z wiosennego zbioru 2024 roku, pochodz\u0105ca z ogrod\u00f3w po\u0142o\u017conych na wysoko\u015bci ponad 2000 metr\u00f3w w g\u00f3rach Ailao, w pobli\u017cu s\u0142ynnej wioski Qian Jia Zhai.<\/p>\n<p>Podczas procesu produkcji herbata przesz\u0142a starann\u0105 fermentacj\u0119 oraz suszenie na s\u0142o\u0144cu, co nada\u0142o jej wyj\u0105tkowy charakter. Li\u015bcie s\u0105 du\u017ce, ciemne, mocno skr\u0119cone wzd\u0142u\u017cnie. Sucha herbata ma wyra\u017any aromat z nutami jag\u00f3d, przypraw, suszonych owoc\u00f3w, miodu i owoc\u00f3w. Napar ma intensywny bursztynowo-miodowy kolor z lekkim czerwonym odcieniem.<\/p>\n<p>Bogaty smak herbaty \u0142\u0105czy w sobie nuty przypraw, suszonych owoc\u00f3w, jag\u00f3d i drewna. Aromat gotowego napoju jest delikatny, lekko s\u0142odki i \u015bwie\u017cy. Smak \u2013 zbalansowany, g\u0142adki, z aksamitnym posmakiem i delikatn\u0105 kwaskowato\u015bci\u0105.<\/p>\n<p>Jest to doskona\u0142y przyk\u0142ad herbaty w &#8222;starym&#8221; stylu, idealny do ceremonii herbacianych, pozwalaj\u0105cy zrelaksowa\u0107 si\u0119 i osi\u0105gn\u0105\u0107 wewn\u0119trzn\u0105 harmoni\u0119.<\/p>","protected":false},"featured_media":9745,"comment_status":"open","ping_status":"closed","template":"","meta":[],"product_cat":[120,145],"product_tag":[],"class_list":{"0":"post-9741","1":"product","2":"type-product","3":"status-publish","4":"has-post-thumbnail","6":"product_cat-czerwona-herbata","7":"product_cat-znizki","9":"first","10":"outofstock","11":"sale","12":"shipping-taxable","13":"purchasable","14":"product-type-variable"},"aioseo_notices":[],"_links":{"self":[{"href":"https:\/\/teaeye.pl\/uk\/wp-json\/wp\/v2\/product\/9741","targetHints":{"allow":["GET"]}}],"collection":[{"href":"https:\/\/teaeye.pl\/uk\/wp-json\/wp\/v2\/product"}],"about":[{"href":"https:\/\/teaeye.pl\/uk\/wp-json\/wp\/v2\/types\/product"}],"replies":[{"embeddable":true,"href":"https:\/\/teaeye.pl\/uk\/wp-json\/wp\/v2\/comments?post=9741"}],"version-history":[{"count":4,"href":"https:\/\/teaeye.pl\/uk\/wp-json\/wp\/v2\/product\/9741\/revisions"}],"predecessor-version":[{"id":14265,"href":"https:\/\/teaeye.pl\/uk\/wp-json\/wp\/v2\/product\/9741\/revisions\/14265"}],"wp:featuredmedia":[{"embeddable":true,"href":"https:\/\/teaeye.pl\/uk\/wp-json\/wp\/v2\/media\/9745"}],"wp:attachment":[{"href":"https:\/\/teaeye.pl\/uk\/wp-json\/wp\/v2\/media?parent=9741"}],"wp:term":[{"taxonomy":"product_cat","embeddable":true,"href":"https:\/\/teaeye.pl\/uk\/wp-json\/wp\/v2\/product_cat?post=9741"},{"taxonomy":"product_tag","embeddable":true,"href":"https:\/\/teaeye.pl\/uk\/wp-json\/wp\/v2\/product_tag?post=9741"}],"curies":[{"name":"wp","href":"https:\/\/api.w.org\/{rel}","templated":true}]}}