{"id":9911,"date":"2024-10-20T12:59:06","date_gmt":"2024-10-20T12:59:06","guid":{"rendered":"https:\/\/teaeye.pl\/?post_type=product&#038;p=9911"},"modified":"2025-02-28T15:31:57","modified_gmt":"2025-02-28T15:31:57","slug":"gongting-yun-fa-2011r-shu-pu-erh-250-g","status":"publish","type":"product","link":"https:\/\/teaeye.pl\/uk\/product\/gongting-yun-fa-2011r-shu-pu-erh-250-g\/","title":{"rendered":"Shu Pu-erh &#8211; &#8222;Gongting Yun Fa&#8221;, 2011, 250g"},"content":{"rendered":"<p>Ceg\u0142a o wadze 250 gram\u00f3w jest delikatnie sprasowana, co umo\u017cliwia \u0142atwe dzielenie na sznury, w kt\u00f3rych praktycznie brakuje ogonk\u00f3w. Aromat suchej herbaty zachwyca swoj\u0105 z\u0142o\u017cono\u015bci\u0105: drewniane i korzenne nuty przeplataj\u0105 si\u0119 z odcieniami czekolady i orzech\u00f3w, tworz\u0105c harmonijny i spokojny profil.<\/p>","protected":false},"excerpt":{"rendered":"<p>Ten dojrza\u0142y shu pu-erh jest produktem niewielkiej fabryki Yun Fa, kt\u00f3ra wykorzystuje li\u015bcie i p\u0105ki wysokiej jako\u015bci Guntin, zbierane w 2011 roku w regionie Yund\u00e9. W podstawie tego pu-erhu znajduj\u0105 si\u0119 drobne p\u0105ki i listki, kt\u00f3re tradycyjnie odnosz\u0105 si\u0119 do odmiany Guntin, nadaj\u0105c herbacie g\u0142\u0119boki i bogaty smak. Przechowywany w suchych warunkach w Kunmingu, herbata zdoby\u0142a dojrza\u0142o\u015b\u0107 i wyrafinowan\u0105 g\u0142\u0119bi\u0119 smaku.<\/p>\n<p>Podczas parzenia shu pu-erh ujawnia jasny i intensywny bukiet, w kt\u00f3rym dominuj\u0105 nuty czekoladowe, drewniane i korzenne, wzbogacone orzechowymi akcentami. Herbata wyr\u00f3\u017cnia si\u0119 g\u0119stym, czystym i zr\u00f3wnowa\u017conym smakiem, a d\u0142ugie, aksamitne posmak zostawia przyjemne odczucie w ustach. Aromat naparu jest g\u0119sty i intensywny, z g\u0142\u0119bok\u0105 korzenn\u0105 nut\u0105.<\/p>\n<p>Ten pu-erh to idealny towarzysz porannych ceremonii herbacianych, kt\u00f3ry \u0142adowuje energi\u0105 i nastawia na aktywny dzie\u0144. Nadaje si\u0119 zar\u00f3wno do parzenia metod\u0105 kr\u00f3tkich zalew\u00f3w, jak i do bardziej tradycyjnego parzenia w kubku lub czajniku. Herbata ma delikatne, ale wyra\u017ane dzia\u0142anie, pomagaj\u0105c osi\u0105gn\u0105\u0107 harmoni\u0119 mi\u0119dzy cia\u0142em a umys\u0142em oraz od\u015bwie\u017cy\u0107 percepcj\u0119.<\/p>","protected":false},"featured_media":9912,"comment_status":"open","ping_status":"closed","template":"","meta":[],"product_cat":[97,99],"product_tag":[],"class_list":{"0":"post-9911","1":"product","2":"type-product","3":"status-publish","4":"has-post-thumbnail","6":"product_cat-pu-erh","7":"product_cat-shu-puer","9":"first","10":"outofstock","11":"shipping-taxable","12":"purchasable","13":"product-type-variable"},"aioseo_notices":[],"_links":{"self":[{"href":"https:\/\/teaeye.pl\/uk\/wp-json\/wp\/v2\/product\/9911","targetHints":{"allow":["GET"]}}],"collection":[{"href":"https:\/\/teaeye.pl\/uk\/wp-json\/wp\/v2\/product"}],"about":[{"href":"https:\/\/teaeye.pl\/uk\/wp-json\/wp\/v2\/types\/product"}],"replies":[{"embeddable":true,"href":"https:\/\/teaeye.pl\/uk\/wp-json\/wp\/v2\/comments?post=9911"}],"version-history":[{"count":8,"href":"https:\/\/teaeye.pl\/uk\/wp-json\/wp\/v2\/product\/9911\/revisions"}],"predecessor-version":[{"id":11609,"href":"https:\/\/teaeye.pl\/uk\/wp-json\/wp\/v2\/product\/9911\/revisions\/11609"}],"wp:featuredmedia":[{"embeddable":true,"href":"https:\/\/teaeye.pl\/uk\/wp-json\/wp\/v2\/media\/9912"}],"wp:attachment":[{"href":"https:\/\/teaeye.pl\/uk\/wp-json\/wp\/v2\/media?parent=9911"}],"wp:term":[{"taxonomy":"product_cat","embeddable":true,"href":"https:\/\/teaeye.pl\/uk\/wp-json\/wp\/v2\/product_cat?post=9911"},{"taxonomy":"product_tag","embeddable":true,"href":"https:\/\/teaeye.pl\/uk\/wp-json\/wp\/v2\/product_tag?post=9911"}],"curies":[{"name":"wp","href":"https:\/\/api.w.org\/{rel}","templated":true}]}}